{"id":14466,"date":"2024-09-19T13:54:31","date_gmt":"2024-09-19T13:54:31","guid":{"rendered":"https:\/\/laytahara.fr\/?post_type=product&#038;p=14466"},"modified":"2025-01-20T20:30:33","modified_gmt":"2025-01-20T20:30:33","slug":"musc","status":"publish","type":"product","link":"https:\/\/laytahara.fr\/?product=musc","title":{"rendered":"Musc"},"content":{"rendered":"\t\t<div data-elementor-type=\"product-post\" data-elementor-id=\"14466\" class=\"elementor elementor-14466\" data-elementor-post-type=\"product\">\n\t\t\t\t<div class=\"elementor-element elementor-element-f7e6528 e-flex e-con-boxed e-con e-parent\" data-id=\"f7e6528\" data-element_type=\"container\" data-e-type=\"container\">\n\t\t\t\t\t<div class=\"e-con-inner\">\n\t\t\t\t<div class=\"elementor-element elementor-element-a13b7a7 elementor-widget elementor-widget-the7-accordion\" data-id=\"a13b7a7\" data-element_type=\"widget\" data-e-type=\"widget\" data-widget_type=\"the7-accordion.default\">\n\t\t\t\t<div class=\"elementor-widget-container\">\n\t\t\t\t\t\t\t<div class=\"elementor-accordion the7-adv-accordion ac_bb_active_title ac_left_right_borders\" data-accordion-type=\"accordion\" role=\"tablist\">\n\t\t\t\t\t\t\t<div class=\"elementor-accordion-item\">\n\t\t\t\t\t<h4 id=\"elementor-tab-title-1691\" class=\"elementor-tab-title the7-accordion-header active-default animation-disable\" data-tab=\"1\" role=\"tab\" aria-controls=\"elementor-tab-content-1691\">\n\n\t\t\t\t\t\t\t\t\t\t\t\t\t<span class=\"elementor-accordion-icon elementor-accordion-icon-right\" aria-hidden=\"true\">\n\t\t\t\t\t\t\t\t\t\t\t\t\t\t\t<span class=\"elementor-accordion-icon-closed\"><svg class=\"e-font-icon-svg e-fas-caret-down\" viewBox=\"0 0 320 512\" xmlns=\"http:\/\/www.w3.org\/2000\/svg\"><path d=\"M31.3 192h257.3c17.8 0 26.7 21.5 14.1 34.1L174.1 354.8c-7.8 7.8-20.5 7.8-28.3 0L17.2 226.1C4.6 213.5 13.5 192 31.3 192z\"><\/path><\/svg><\/span>\n\t\t\t\t\t\t\t\t\t\t\t\t\t\t\t\t\t<span class=\"elementor-accordion-icon-opened\"><svg class=\"e-font-icon-svg e-fas-caret-up\" viewBox=\"0 0 320 512\" xmlns=\"http:\/\/www.w3.org\/2000\/svg\"><path d=\"M288.662 352H31.338c-17.818 0-26.741-21.543-14.142-34.142l128.662-128.662c7.81-7.81 20.474-7.81 28.284 0l128.662 128.662c12.6 12.599 3.676 34.142-14.142 34.142z\"><\/path><\/svg><\/span>\n\t\t\t\t\t\t\t\t\t\t\t\t\t\t\t\t\t\t\t\t\t\t<\/span>\n\t\t\t\t\t\t\t\t\t\t\t\t\t\t\t\t\t\t<a class=\"elementor-accordion-title\" href=\"\">Notes olfactives<\/a>\n\t\t\t\t\t<\/h4>\n\t\t\t\t\t<div id=\"elementor-tab-content-1691\" class=\"elementor-tab-content elementor-clearfix active-default animation-disable\" data-tab=\"1\" role=\"tabpanel\" aria-labelledby=\"elementor-tab-title-1691\"><ul><li><strong>Notes de t\u00eate :\u00a0<\/strong>Bergamote, ylang ylang<\/li><li><b><\/b><strong>Notes de coeur :\u00a0<\/strong>Rose, iris blanc, fleur d&#8217;oranger<\/li><li><strong>Notes de fond :<\/strong> Musc, accord poudr\u00e9<\/li><\/ul><\/div>\n\t\t\t\t<\/div>\n\t\t\t\t\t\t\t<div class=\"elementor-accordion-item\">\n\t\t\t\t\t<h4 id=\"elementor-tab-title-1692\" class=\"elementor-tab-title the7-accordion-header\" data-tab=\"2\" role=\"tab\" aria-controls=\"elementor-tab-content-1692\">\n\n\t\t\t\t\t\t\t\t\t\t\t\t\t<span class=\"elementor-accordion-icon elementor-accordion-icon-right\" aria-hidden=\"true\">\n\t\t\t\t\t\t\t\t\t\t\t\t\t\t\t<span class=\"elementor-accordion-icon-closed\"><svg class=\"e-font-icon-svg e-fas-caret-down\" viewBox=\"0 0 320 512\" xmlns=\"http:\/\/www.w3.org\/2000\/svg\"><path d=\"M31.3 192h257.3c17.8 0 26.7 21.5 14.1 34.1L174.1 354.8c-7.8 7.8-20.5 7.8-28.3 0L17.2 226.1C4.6 213.5 13.5 192 31.3 192z\"><\/path><\/svg><\/span>\n\t\t\t\t\t\t\t\t\t\t\t\t\t\t\t\t\t<span class=\"elementor-accordion-icon-opened\"><svg class=\"e-font-icon-svg e-fas-caret-up\" viewBox=\"0 0 320 512\" xmlns=\"http:\/\/www.w3.org\/2000\/svg\"><path d=\"M288.662 352H31.338c-17.818 0-26.741-21.543-14.142-34.142l128.662-128.662c7.81-7.81 20.474-7.81 28.284 0l128.662 128.662c12.6 12.599 3.676 34.142-14.142 34.142z\"><\/path><\/svg><\/span>\n\t\t\t\t\t\t\t\t\t\t\t\t\t\t\t\t\t\t\t\t\t\t<\/span>\n\t\t\t\t\t\t\t\t\t\t\t\t\t\t\t\t\t\t<a class=\"elementor-accordion-title\" href=\"\">D\u00e9tails<\/a>\n\t\t\t\t\t<\/h4>\n\t\t\t\t\t<div id=\"elementor-tab-content-1692\" class=\"elementor-tab-content elementor-clearfix\" data-tab=\"2\" role=\"tabpanel\" aria-labelledby=\"elementor-tab-title-1692\"><p>Formul\u00e9 \u00e0 base de cire de colza, une alternative \u00e9cologique et durable, sans CMR (substances Canc\u00e9rog\u00e8nes, Mutag\u00e8nes ou Reprotoxiques) et sans phtalates.<\/p><p><strong>Caract\u00e9ristiques :<\/strong><\/p><ul><li style=\"list-style-type: none;\"><ul><li><strong>Coupe pratique :<\/strong> Ce fondant est con\u00e7u pour \u00eatre facilement coup\u00e9 en deux, vous permettant de personnaliser la dur\u00e9e et l\u2019intensit\u00e9 de la diffusion.<\/li><\/ul><\/li><\/ul><p>\u00a0<\/p><ul><li style=\"list-style-type: none;\"><ul><li><strong>Dur\u00e9e de diffusion :<\/strong> Environ 6 heures de parfum envo\u00fbtant pour une ambiance tropicale prolong\u00e9e.<\/li><\/ul><\/li><\/ul><p>\u00a0<\/p><ul><li style=\"list-style-type: none;\"><ul><li><strong>Respectueux de l&#8217;environnement :<\/strong> La cire de colza est une alternative durable aux cires traditionnelles, respectant votre engagement envers la plan\u00e8te.<\/li><\/ul><\/li><\/ul><p>\u00a0<\/p><ul><li style=\"list-style-type: none;\"><ul><li><strong>Sans produits nocifs :<\/strong> Garantit une exp\u00e9rience parfum\u00e9e pure et s\u00fbre, sans composants ind\u00e9sirables<\/li><\/ul><\/li><\/ul><p>\u00a0<\/p><ul><li style=\"list-style-type: none;\"><ul><li><strong>Non test\u00e9 sur les animaux :<\/strong> Nous nous engageons pour des pratiques \u00e9thiques. Nos produits ne sont pas test\u00e9s sur les animaux.<\/li><\/ul><\/li><\/ul><p>\u00a0<\/p><\/div>\n\t\t\t\t<\/div>\n\t\t\t\t\t\t\t<div class=\"elementor-accordion-item\">\n\t\t\t\t\t<h4 id=\"elementor-tab-title-1693\" class=\"elementor-tab-title the7-accordion-header\" data-tab=\"3\" role=\"tab\" aria-controls=\"elementor-tab-content-1693\">\n\n\t\t\t\t\t\t\t\t\t\t\t\t\t<span class=\"elementor-accordion-icon elementor-accordion-icon-right\" aria-hidden=\"true\">\n\t\t\t\t\t\t\t\t\t\t\t\t\t\t\t<span class=\"elementor-accordion-icon-closed\"><svg class=\"e-font-icon-svg e-fas-caret-down\" viewBox=\"0 0 320 512\" xmlns=\"http:\/\/www.w3.org\/2000\/svg\"><path d=\"M31.3 192h257.3c17.8 0 26.7 21.5 14.1 34.1L174.1 354.8c-7.8 7.8-20.5 7.8-28.3 0L17.2 226.1C4.6 213.5 13.5 192 31.3 192z\"><\/path><\/svg><\/span>\n\t\t\t\t\t\t\t\t\t\t\t\t\t\t\t\t\t<span class=\"elementor-accordion-icon-opened\"><svg class=\"e-font-icon-svg e-fas-caret-up\" viewBox=\"0 0 320 512\" xmlns=\"http:\/\/www.w3.org\/2000\/svg\"><path d=\"M288.662 352H31.338c-17.818 0-26.741-21.543-14.142-34.142l128.662-128.662c7.81-7.81 20.474-7.81 28.284 0l128.662 128.662c12.6 12.599 3.676 34.142-14.142 34.142z\"><\/path><\/svg><\/span>\n\t\t\t\t\t\t\t\t\t\t\t\t\t\t\t\t\t\t\t\t\t\t<\/span>\n\t\t\t\t\t\t\t\t\t\t\t\t\t\t\t\t\t\t<a class=\"elementor-accordion-title\" href=\"\">Comment l'utiliser ?<\/a>\n\t\t\t\t\t<\/h4>\n\t\t\t\t\t<div id=\"elementor-tab-content-1693\" class=\"elementor-tab-content elementor-clearfix\" data-tab=\"3\" role=\"tabpanel\" aria-labelledby=\"elementor-tab-title-1693\"><h3><strong>1. Pr\u00e9paration<\/strong><\/h3><ul><li><strong>Assurez-vous que votre espace est pr\u00eat :<\/strong> Placez votre diffuseur ou br\u00fbleur \u00e0 fondant sur une surface stable et r\u00e9sistante \u00e0 la chaleur.<\/li><\/ul><h3><strong>2. D\u00e9coupe du Fondant<\/strong><\/h3><ul><li><strong>S\u00e9parer le fondant :<\/strong> Le fondant est con\u00e7u pour \u00eatre coup\u00e9 en deux. Utilisez un couteau propre ou une lame pour couper d\u00e9licatement le fondant en deux portions \u00e9gales. Si vous pr\u00e9f\u00e9rez une diffusion plus l\u00e9g\u00e8re, vous pouvez \u00e9galement le couper en morceaux plus petits selon vos besoins.<\/li><\/ul><h3><strong>3. Utilisation<\/strong><\/h3><ul><li><strong>Placement dans le diffuseur :<\/strong> Placez un morceau de fondant (ou la moiti\u00e9) dans le r\u00e9ceptacle pr\u00e9vu de votre diffuseur ou br\u00fbleur. Assurez-vous qu&#8217;il est bien positionn\u00e9 et qu&#8217;il n&#8217;y a pas d&#8217;obstruction \u00e0 la ventilation.<\/li><\/ul><h3><strong>4. Diffusion du Parfum<\/strong><\/h3><ul><li><p><strong>Allumage :<\/strong> Si vous utilisez un diffuseur \u00e0 chaleur, allumez la source de chaleur selon les instructions du fabricant. Pour les diffuseurs \u00e9lectriques, suivez les \u00e9tapes sp\u00e9cifiques \u00e0 votre appareil.<\/p><\/li><li><p><strong>Temps de diffusion :<\/strong> Le fondant parfum\u00e9 diffusera un parfum agr\u00e9able pendant environ 6 heures. Vous pouvez remplacer le fondant ou couper une nouvelle portion lorsque le parfum commence \u00e0 s&#8217;estomper.<\/p><\/li><\/ul><h3><strong>5. Entretien<\/strong><\/h3><ul><li><p><strong>Apr\u00e8s utilisation :<\/strong> \u00c9teignez le diffuseur et laissez refroidir avant de retirer les r\u00e9sidus de fondant. Nettoyez le r\u00e9ceptacle de votre diffuseur r\u00e9guli\u00e8rement pour \u00e9viter tout r\u00e9sidu et garantir une performance optimale.<\/p><\/li><li><p><strong>Stockage :<\/strong> Conservez les morceaux de fondant restants dans un endroit frais et sec, \u00e0 l&#8217;abri de la lumi\u00e8re directe et de la chaleur, id\u00e9alement dans son sachet d&#8217;origine.<\/p><\/li><\/ul><\/div>\n\t\t\t\t<\/div>\n\t\t\t\t\t\t\t<div class=\"elementor-accordion-item\">\n\t\t\t\t\t<h4 id=\"elementor-tab-title-1694\" class=\"elementor-tab-title the7-accordion-header\" data-tab=\"4\" role=\"tab\" aria-controls=\"elementor-tab-content-1694\">\n\n\t\t\t\t\t\t\t\t\t\t\t\t\t<span class=\"elementor-accordion-icon elementor-accordion-icon-right\" aria-hidden=\"true\">\n\t\t\t\t\t\t\t\t\t\t\t\t\t\t\t<span class=\"elementor-accordion-icon-closed\"><svg class=\"e-font-icon-svg e-fas-caret-down\" viewBox=\"0 0 320 512\" xmlns=\"http:\/\/www.w3.org\/2000\/svg\"><path d=\"M31.3 192h257.3c17.8 0 26.7 21.5 14.1 34.1L174.1 354.8c-7.8 7.8-20.5 7.8-28.3 0L17.2 226.1C4.6 213.5 13.5 192 31.3 192z\"><\/path><\/svg><\/span>\n\t\t\t\t\t\t\t\t\t\t\t\t\t\t\t\t\t<span class=\"elementor-accordion-icon-opened\"><svg class=\"e-font-icon-svg e-fas-caret-up\" viewBox=\"0 0 320 512\" xmlns=\"http:\/\/www.w3.org\/2000\/svg\"><path d=\"M288.662 352H31.338c-17.818 0-26.741-21.543-14.142-34.142l128.662-128.662c7.81-7.81 20.474-7.81 28.284 0l128.662 128.662c12.6 12.599 3.676 34.142-14.142 34.142z\"><\/path><\/svg><\/span>\n\t\t\t\t\t\t\t\t\t\t\t\t\t\t\t\t\t\t\t\t\t\t<\/span>\n\t\t\t\t\t\t\t\t\t\t\t\t\t\t\t\t\t\t<a class=\"elementor-accordion-title\" href=\"\">Pr\u00e9cautions d'emploi<\/a>\n\t\t\t\t\t<\/h4>\n\t\t\t\t\t<div id=\"elementor-tab-content-1694\" class=\"elementor-tab-content elementor-clearfix\" data-tab=\"4\" role=\"tabpanel\" aria-labelledby=\"elementor-tab-title-1694\"><ul><li><p><strong>Utilisation en toute s\u00e9curit\u00e9 :<\/strong> Ne laissez jamais un diffuseur allum\u00e9 sans surveillance. Tenez le fondant hors de port\u00e9e des enfants et des animaux.<\/p><\/li><li><p><strong>Pr\u00e9cautions :<\/strong> \u00c9vitez le contact direct avec la peau et les yeux. En cas de contact, rincez abondamment \u00e0 l&#8217;eau claire.<\/p><\/li><\/ul><\/div>\n\t\t\t\t<\/div>\n\t\t\t\t\t<\/div>\n\t\t\t\t\t\t<\/div>\n\t\t\t\t<\/div>\n\t\t\t\t\t<\/div>\n\t\t\t\t<\/div>\n\t\t\t\t<\/div>\n\t\t","protected":false},"excerpt":{"rendered":"<p>D\u00e9couvrez notre fondant parfum\u00e9 Musc, une fragrance envo\u00fbtante qui \u00e9voque la sensualit\u00e9 et l&#8217;\u00e9l\u00e9gance. Ce fondant lib\u00e8re des notes chaudes et riches de musc, cr\u00e9ant une atmosph\u00e8re chaleureuse et raffin\u00e9e dans votre int\u00e9rieur. Id\u00e9al pour ceux qui appr\u00e9cient les senteurs profondes et myst\u00e9rieuses, il apporte une touche de sophistication \u00e0 chaque espace.<\/p>\n","protected":false},"featured_media":14467,"comment_status":"open","ping_status":"closed","template":"","meta":[],"product_cat":[87,48,82],"product_tag":[66],"class_list":{"0":"post-14466","1":"product","2":"type-product","3":"status-publish","4":"has-post-thumbnail","6":"product_cat-fondantacouper","7":"product_cat-fondants","8":"product_cat-notesfraiches","9":"product_tag-poudre","11":"first","12":"outofstock","13":"taxable","14":"shipping-taxable","15":"purchasable","16":"product-type-simple"},"jetpack_sharing_enabled":true,"_links":{"self":[{"href":"https:\/\/laytahara.fr\/index.php?rest_route=\/wp\/v2\/product\/14466","targetHints":{"allow":["GET"]}}],"collection":[{"href":"https:\/\/laytahara.fr\/index.php?rest_route=\/wp\/v2\/product"}],"about":[{"href":"https:\/\/laytahara.fr\/index.php?rest_route=\/wp\/v2\/types\/product"}],"replies":[{"embeddable":true,"href":"https:\/\/laytahara.fr\/index.php?rest_route=%2Fwp%2Fv2%2Fcomments&post=14466"}],"version-history":[{"count":5,"href":"https:\/\/laytahara.fr\/index.php?rest_route=\/wp\/v2\/product\/14466\/revisions"}],"predecessor-version":[{"id":15380,"href":"https:\/\/laytahara.fr\/index.php?rest_route=\/wp\/v2\/product\/14466\/revisions\/15380"}],"wp:featuredmedia":[{"embeddable":true,"href":"https:\/\/laytahara.fr\/index.php?rest_route=\/wp\/v2\/media\/14467"}],"wp:attachment":[{"href":"https:\/\/laytahara.fr\/index.php?rest_route=%2Fwp%2Fv2%2Fmedia&parent=14466"}],"wp:term":[{"taxonomy":"product_cat","embeddable":true,"href":"https:\/\/laytahara.fr\/index.php?rest_route=%2Fwp%2Fv2%2Fproduct_cat&post=14466"},{"taxonomy":"product_tag","embeddable":true,"href":"https:\/\/laytahara.fr\/index.php?rest_route=%2Fwp%2Fv2%2Fproduct_tag&post=14466"}],"curies":[{"name":"wp","href":"https:\/\/api.w.org\/{rel}","templated":true}]}}