{"id":14597,"date":"2024-09-25T23:22:59","date_gmt":"2024-09-25T23:22:59","guid":{"rendered":"https:\/\/laytahara.fr\/?post_type=product&#038;p=14597"},"modified":"2026-02-16T23:28:50","modified_gmt":"2026-02-16T23:28:50","slug":"brule-parfum-en-ceramique-4-2","status":"publish","type":"product","link":"https:\/\/laytahara.fr\/?product=brule-parfum-en-ceramique-4-2","title":{"rendered":"Br\u00fble parfum royal blanc et dor\u00e9"},"content":{"rendered":"","protected":false},"excerpt":{"rendered":"<p><strong>Fondez pour notre magnifique br\u00fble parfum royal en pierre et en c\u00e9ramique avec sa coupelle amovible pour faciliter le nettoyage.<\/strong><\/p>\n","protected":false},"featured_media":14599,"comment_status":"open","ping_status":"closed","template":"","meta":[],"product_cat":[45],"product_tag":[],"class_list":{"0":"post-14597","1":"product","2":"type-product","3":"status-publish","4":"has-post-thumbnail","6":"product_cat-brule-parfums","7":"description-off","9":"first","10":"onbackorder","11":"taxable","12":"shipping-taxable","13":"purchasable","14":"product-type-simple"},"jetpack_sharing_enabled":true,"_links":{"self":[{"href":"https:\/\/laytahara.fr\/index.php?rest_route=\/wp\/v2\/product\/14597","targetHints":{"allow":["GET"]}}],"collection":[{"href":"https:\/\/laytahara.fr\/index.php?rest_route=\/wp\/v2\/product"}],"about":[{"href":"https:\/\/laytahara.fr\/index.php?rest_route=\/wp\/v2\/types\/product"}],"replies":[{"embeddable":true,"href":"https:\/\/laytahara.fr\/index.php?rest_route=%2Fwp%2Fv2%2Fcomments&post=14597"}],"version-history":[{"count":2,"href":"https:\/\/laytahara.fr\/index.php?rest_route=\/wp\/v2\/product\/14597\/revisions"}],"predecessor-version":[{"id":14600,"href":"https:\/\/laytahara.fr\/index.php?rest_route=\/wp\/v2\/product\/14597\/revisions\/14600"}],"wp:featuredmedia":[{"embeddable":true,"href":"https:\/\/laytahara.fr\/index.php?rest_route=\/wp\/v2\/media\/14599"}],"wp:attachment":[{"href":"https:\/\/laytahara.fr\/index.php?rest_route=%2Fwp%2Fv2%2Fmedia&parent=14597"}],"wp:term":[{"taxonomy":"product_cat","embeddable":true,"href":"https:\/\/laytahara.fr\/index.php?rest_route=%2Fwp%2Fv2%2Fproduct_cat&post=14597"},{"taxonomy":"product_tag","embeddable":true,"href":"https:\/\/laytahara.fr\/index.php?rest_route=%2Fwp%2Fv2%2Fproduct_tag&post=14597"}],"curies":[{"name":"wp","href":"https:\/\/api.w.org\/{rel}","templated":true}]}}