{"id":15169,"date":"2024-10-19T22:28:31","date_gmt":"2024-10-19T22:28:31","guid":{"rendered":"https:\/\/laytahara.fr\/?post_type=product&#038;p=15169"},"modified":"2026-02-16T13:50:15","modified_gmt":"2026-02-16T13:50:15","slug":"fondant-creme-lotus-blanc-coton-copie","status":"publish","type":"product","link":"https:\/\/laytahara.fr\/?product=fondant-creme-lotus-blanc-coton-copie","title":{"rendered":"Fondant cr\u00e8me sherazade"},"content":{"rendered":"\t\t<div data-elementor-type=\"product-post\" data-elementor-id=\"15169\" class=\"elementor elementor-15169\" data-elementor-post-type=\"product\">\n\t\t\t\t<div class=\"elementor-element elementor-element-649d2516 e-flex e-con-boxed e-con e-parent\" data-id=\"649d2516\" data-element_type=\"container\" data-e-type=\"container\">\n\t\t\t\t\t<div class=\"e-con-inner\">\n\t\t\t\t<div class=\"elementor-element elementor-element-160e44f elementor-widget elementor-widget-accordion\" data-id=\"160e44f\" data-element_type=\"widget\" data-e-type=\"widget\" data-widget_type=\"accordion.default\">\n\t\t\t\t<div class=\"elementor-widget-container\">\n\t\t\t\t\t\t\t<div class=\"elementor-accordion\">\n\t\t\t\t\t\t\t<div class=\"elementor-accordion-item\">\n\t\t\t\t\t<div id=\"elementor-tab-title-2311\" class=\"elementor-tab-title\" data-tab=\"1\" role=\"button\" aria-controls=\"elementor-tab-content-2311\" aria-expanded=\"false\">\n\t\t\t\t\t\t\t\t\t\t\t\t\t<span class=\"elementor-accordion-icon elementor-accordion-icon-left\" aria-hidden=\"true\">\n\t\t\t\t\t\t\t\t\t\t\t\t\t\t\t<span class=\"elementor-accordion-icon-closed\"><svg class=\"e-font-icon-svg e-fas-caret-down\" viewBox=\"0 0 320 512\" xmlns=\"http:\/\/www.w3.org\/2000\/svg\"><path d=\"M31.3 192h257.3c17.8 0 26.7 21.5 14.1 34.1L174.1 354.8c-7.8 7.8-20.5 7.8-28.3 0L17.2 226.1C4.6 213.5 13.5 192 31.3 192z\"><\/path><\/svg><\/span>\n\t\t\t\t\t\t\t\t<span class=\"elementor-accordion-icon-opened\"><svg class=\"e-font-icon-svg e-fas-caret-up\" viewBox=\"0 0 320 512\" xmlns=\"http:\/\/www.w3.org\/2000\/svg\"><path d=\"M288.662 352H31.338c-17.818 0-26.741-21.543-14.142-34.142l128.662-128.662c7.81-7.81 20.474-7.81 28.284 0l128.662 128.662c12.6 12.599 3.676 34.142-14.142 34.142z\"><\/path><\/svg><\/span>\n\t\t\t\t\t\t\t\t\t\t\t\t\t\t<\/span>\n\t\t\t\t\t\t\t\t\t\t\t\t<a class=\"elementor-accordion-title\" tabindex=\"0\">Notes olfactives<\/a>\n\t\t\t\t\t<\/div>\n\t\t\t\t\t<div id=\"elementor-tab-content-2311\" class=\"elementor-tab-content elementor-clearfix\" data-tab=\"1\" role=\"region\" aria-labelledby=\"elementor-tab-title-2311\"><ul><li><strong>Notes de t\u00eate :<\/strong> Ylang-ylang<\/li><li><strong>Notes de coeur :\u00a0<\/strong>Patchouli, rose, clous de girofle, jasmin<\/li><li><strong>Notes de fond :\u00a0<\/strong>Vanille, f\u00e8ve tonka, pralin\u00e9<\/li><\/ul><\/div>\n\t\t\t\t<\/div>\n\t\t\t\t\t\t\t<div class=\"elementor-accordion-item\">\n\t\t\t\t\t<div id=\"elementor-tab-title-2312\" class=\"elementor-tab-title\" data-tab=\"2\" role=\"button\" aria-controls=\"elementor-tab-content-2312\" aria-expanded=\"false\">\n\t\t\t\t\t\t\t\t\t\t\t\t\t<span class=\"elementor-accordion-icon elementor-accordion-icon-left\" aria-hidden=\"true\">\n\t\t\t\t\t\t\t\t\t\t\t\t\t\t\t<span class=\"elementor-accordion-icon-closed\"><svg class=\"e-font-icon-svg e-fas-caret-down\" viewBox=\"0 0 320 512\" xmlns=\"http:\/\/www.w3.org\/2000\/svg\"><path d=\"M31.3 192h257.3c17.8 0 26.7 21.5 14.1 34.1L174.1 354.8c-7.8 7.8-20.5 7.8-28.3 0L17.2 226.1C4.6 213.5 13.5 192 31.3 192z\"><\/path><\/svg><\/span>\n\t\t\t\t\t\t\t\t<span class=\"elementor-accordion-icon-opened\"><svg class=\"e-font-icon-svg e-fas-caret-up\" viewBox=\"0 0 320 512\" xmlns=\"http:\/\/www.w3.org\/2000\/svg\"><path d=\"M288.662 352H31.338c-17.818 0-26.741-21.543-14.142-34.142l128.662-128.662c7.81-7.81 20.474-7.81 28.284 0l128.662 128.662c12.6 12.599 3.676 34.142-14.142 34.142z\"><\/path><\/svg><\/span>\n\t\t\t\t\t\t\t\t\t\t\t\t\t\t<\/span>\n\t\t\t\t\t\t\t\t\t\t\t\t<a class=\"elementor-accordion-title\" tabindex=\"0\">D\u00e9tails du produit<\/a>\n\t\t\t\t\t<\/div>\n\t\t\t\t\t<div id=\"elementor-tab-content-2312\" class=\"elementor-tab-content elementor-clearfix\" data-tab=\"2\" role=\"region\" aria-labelledby=\"elementor-tab-title-2312\"><p>D\u00e9couvrez notre fondant parfum\u00e9 de 60 grammes, \u00e0 la texture cr\u00e9meuse et onctueuse.<\/p><p>Fabriqu\u00e9 \u00e0 partir de cire de colza, il ne durcit jamais, vous garantissant une exp\u00e9rience olfactive continue.<\/p><p>Sa formule innovante d\u00e9cuple les parfums, offrant une diffusion g\u00e9n\u00e9reuse et persistante dans votre int\u00e9rieur.<\/p><p>Avec son format \u00e9conomique, vous profitez d\u2019une dur\u00e9e d\u2019utilisation tripl\u00e9e, id\u00e9ale pour une ambiance toujours accueillante.<\/p><\/div>\n\t\t\t\t<\/div>\n\t\t\t\t\t\t\t<div class=\"elementor-accordion-item\">\n\t\t\t\t\t<div id=\"elementor-tab-title-2313\" class=\"elementor-tab-title\" data-tab=\"3\" role=\"button\" aria-controls=\"elementor-tab-content-2313\" aria-expanded=\"false\">\n\t\t\t\t\t\t\t\t\t\t\t\t\t<span class=\"elementor-accordion-icon elementor-accordion-icon-left\" aria-hidden=\"true\">\n\t\t\t\t\t\t\t\t\t\t\t\t\t\t\t<span class=\"elementor-accordion-icon-closed\"><svg class=\"e-font-icon-svg e-fas-caret-down\" viewBox=\"0 0 320 512\" xmlns=\"http:\/\/www.w3.org\/2000\/svg\"><path d=\"M31.3 192h257.3c17.8 0 26.7 21.5 14.1 34.1L174.1 354.8c-7.8 7.8-20.5 7.8-28.3 0L17.2 226.1C4.6 213.5 13.5 192 31.3 192z\"><\/path><\/svg><\/span>\n\t\t\t\t\t\t\t\t<span class=\"elementor-accordion-icon-opened\"><svg class=\"e-font-icon-svg e-fas-caret-up\" viewBox=\"0 0 320 512\" xmlns=\"http:\/\/www.w3.org\/2000\/svg\"><path d=\"M288.662 352H31.338c-17.818 0-26.741-21.543-14.142-34.142l128.662-128.662c7.81-7.81 20.474-7.81 28.284 0l128.662 128.662c12.6 12.599 3.676 34.142-14.142 34.142z\"><\/path><\/svg><\/span>\n\t\t\t\t\t\t\t\t\t\t\t\t\t\t<\/span>\n\t\t\t\t\t\t\t\t\t\t\t\t<a class=\"elementor-accordion-title\" tabindex=\"0\">Comment l'utiliser ?<\/a>\n\t\t\t\t\t<\/div>\n\t\t\t\t\t<div id=\"elementor-tab-content-2313\" class=\"elementor-tab-content elementor-clearfix\" data-tab=\"3\" role=\"region\" aria-labelledby=\"elementor-tab-title-2313\"><p>Pour une diffusion optimale, pr\u00e9levez une petite dose de fondant \u00e0 l&#8217;aide de la spatule fournie.<\/p><p>Placez-la dans votre br\u00fbleur et laissez la chaleur lib\u00e9rer le parfum d\u00e9licieux dans votre espace.<\/p><p>Une seule application suffit pour parfumer efficacement une surface allant jusqu&#8217;\u00e0 50 m\u00b2.<\/p><p>Pour un moment encore plus agr\u00e9able, allumez une bougie chauffe-plat en dessous et profitez de l\u2019atmosph\u00e8re chaleureuse qu&#8217;il cr\u00e9e .<\/p><p>Apr\u00e8s utilisation, attendez que le fondant ait refroidi avant de nettoyer votre br\u00fbleur avec une feuille de sopalin ; il se retirera facilement sans laisser de r\u00e9sidus.<\/p><\/div>\n\t\t\t\t<\/div>\n\t\t\t\t\t\t\t<div class=\"elementor-accordion-item\">\n\t\t\t\t\t<div id=\"elementor-tab-title-2314\" class=\"elementor-tab-title\" data-tab=\"4\" role=\"button\" aria-controls=\"elementor-tab-content-2314\" aria-expanded=\"false\">\n\t\t\t\t\t\t\t\t\t\t\t\t\t<span class=\"elementor-accordion-icon elementor-accordion-icon-left\" aria-hidden=\"true\">\n\t\t\t\t\t\t\t\t\t\t\t\t\t\t\t<span class=\"elementor-accordion-icon-closed\"><svg class=\"e-font-icon-svg e-fas-caret-down\" viewBox=\"0 0 320 512\" xmlns=\"http:\/\/www.w3.org\/2000\/svg\"><path d=\"M31.3 192h257.3c17.8 0 26.7 21.5 14.1 34.1L174.1 354.8c-7.8 7.8-20.5 7.8-28.3 0L17.2 226.1C4.6 213.5 13.5 192 31.3 192z\"><\/path><\/svg><\/span>\n\t\t\t\t\t\t\t\t<span class=\"elementor-accordion-icon-opened\"><svg class=\"e-font-icon-svg e-fas-caret-up\" viewBox=\"0 0 320 512\" xmlns=\"http:\/\/www.w3.org\/2000\/svg\"><path d=\"M288.662 352H31.338c-17.818 0-26.741-21.543-14.142-34.142l128.662-128.662c7.81-7.81 20.474-7.81 28.284 0l128.662 128.662c12.6 12.599 3.676 34.142-14.142 34.142z\"><\/path><\/svg><\/span>\n\t\t\t\t\t\t\t\t\t\t\t\t\t\t<\/span>\n\t\t\t\t\t\t\t\t\t\t\t\t<a class=\"elementor-accordion-title\" tabindex=\"0\">Pr\u00e9cautions d'emploi<\/a>\n\t\t\t\t\t<\/div>\n\t\t\t\t\t<div id=\"elementor-tab-content-2314\" class=\"elementor-tab-content elementor-clearfix\" data-tab=\"4\" role=\"region\" aria-labelledby=\"elementor-tab-title-2314\"><p>Pour une utilisation optimale, veillez \u00e0 ce que la pi\u00e8ce soit bien ventil\u00e9e.<\/p><p>Limitez la dur\u00e9e de diffusion et suivez attentivement le mode d&#8217;emploi. Pensez \u00e0 nettoyer r\u00e9guli\u00e8rement votre diffuseur pour garantir une diffusion efficace.<\/p><p>Gardez le produit hors de port\u00e9e des enfants et des animaux. En cas de contact avec les yeux, rincez abondamment \u00e0 l&#8217;eau. Si n\u00e9cessaire, n&#8217;h\u00e9sitez pas \u00e0 consulter un professionnel de sant\u00e9.<\/p><\/div>\n\t\t\t\t<\/div>\n\t\t\t\t\t\t\t\t<\/div>\n\t\t\t\t\t\t<\/div>\n\t\t\t\t<\/div>\n\t\t\t\t\t<\/div>\n\t\t\t\t<\/div>\n\t\t<div class=\"elementor-element elementor-element-2c98889 e-flex e-con-boxed e-con e-parent\" data-id=\"2c98889\" data-element_type=\"container\" data-e-type=\"container\">\n\t\t\t\t\t<div class=\"e-con-inner\">\n\t\t\t\t<div class=\"elementor-element elementor-element-bb82604 elementor-widget elementor-widget-image\" data-id=\"bb82604\" data-element_type=\"widget\" data-e-type=\"widget\" data-widget_type=\"image.default\">\n\t\t\t\t<div class=\"elementor-widget-container\">\n\t\t\t\t\t\t\t\t\t\t\t\t\t\t\t<img fetchpriority=\"high\" decoding=\"async\" width=\"1772\" height=\"1182\" src=\"https:\/\/laytahara.fr\/wp-content\/uploads\/2024\/10\/Copie-de-Copie-de-hint.png\" class=\"attachment-full size-full wp-image-14843\" alt=\"\" srcset=\"https:\/\/laytahara.fr\/wp-content\/uploads\/2024\/10\/Copie-de-Copie-de-hint.png 1772w, https:\/\/laytahara.fr\/wp-content\/uploads\/2024\/10\/Copie-de-Copie-de-hint-600x400.png 600w, https:\/\/laytahara.fr\/wp-content\/uploads\/2024\/10\/Copie-de-Copie-de-hint-300x200.png 300w, https:\/\/laytahara.fr\/wp-content\/uploads\/2024\/10\/Copie-de-Copie-de-hint-1024x683.png 1024w, https:\/\/laytahara.fr\/wp-content\/uploads\/2024\/10\/Copie-de-Copie-de-hint-768x512.png 768w, https:\/\/laytahara.fr\/wp-content\/uploads\/2024\/10\/Copie-de-Copie-de-hint-1536x1025.png 1536w\" sizes=\"(max-width: 1772px) 100vw, 1772px\" \/>\t\t\t\t\t\t\t\t\t\t\t\t\t\t\t<\/div>\n\t\t\t\t<\/div>\n\t\t\t\t\t<\/div>\n\t\t\t\t<\/div>\n\t\t<div class=\"elementor-element elementor-element-81ec13b e-flex e-con-boxed e-con e-parent\" data-id=\"81ec13b\" data-element_type=\"container\" data-e-type=\"container\">\n\t\t\t\t\t<div class=\"e-con-inner\">\n\t\t\t\t<div class=\"elementor-element elementor-element-7d7fde7 elementor-widget elementor-widget-image\" data-id=\"7d7fde7\" data-element_type=\"widget\" data-e-type=\"widget\" data-widget_type=\"image.default\">\n\t\t\t\t<div class=\"elementor-widget-container\">\n\t\t\t\t\t\t\t\t\t\t\t\t\t\t\t<img decoding=\"async\" width=\"1772\" height=\"1181\" src=\"https:\/\/laytahara.fr\/wp-content\/uploads\/2024\/10\/Copie-de-Copie-de-hint.zip-8.png\" class=\"attachment-full size-full wp-image-14848\" alt=\"\" srcset=\"https:\/\/laytahara.fr\/wp-content\/uploads\/2024\/10\/Copie-de-Copie-de-hint.zip-8.png 1772w, https:\/\/laytahara.fr\/wp-content\/uploads\/2024\/10\/Copie-de-Copie-de-hint.zip-8-600x400.png 600w, https:\/\/laytahara.fr\/wp-content\/uploads\/2024\/10\/Copie-de-Copie-de-hint.zip-8-300x200.png 300w, https:\/\/laytahara.fr\/wp-content\/uploads\/2024\/10\/Copie-de-Copie-de-hint.zip-8-1024x682.png 1024w, https:\/\/laytahara.fr\/wp-content\/uploads\/2024\/10\/Copie-de-Copie-de-hint.zip-8-768x512.png 768w, https:\/\/laytahara.fr\/wp-content\/uploads\/2024\/10\/Copie-de-Copie-de-hint.zip-8-1536x1024.png 1536w\" sizes=\"(max-width: 1772px) 100vw, 1772px\" \/>\t\t\t\t\t\t\t\t\t\t\t\t\t\t\t<\/div>\n\t\t\t\t<\/div>\n\t\t\t\t\t<\/div>\n\t\t\t\t<\/div>\n\t\t<div class=\"elementor-element elementor-element-08fb9b9 e-grid e-con-boxed e-con e-parent\" data-id=\"08fb9b9\" data-element_type=\"container\" data-e-type=\"container\">\n\t\t\t\t\t<div class=\"e-con-inner\">\n\t\t\t\t\t<\/div>\n\t\t\t\t<\/div>\n\t\t\t\t<\/div>\n\t\t","protected":false},"excerpt":{"rendered":"<p>\u00c9vadez-vous dans un monde de myst\u00e8re et de magie avec notre fondant parfum\u00e9 Sh\u00e9h\u00e9razade. Inspir\u00e9 par les contes des Mille et Une Nuits, ce parfum oriental envo\u00fbtant combine des notes gourmandes, florales et bois\u00e9es pour cr\u00e9er une atmosph\u00e8re chaleureuse et captivante.<\/p>\n","protected":false},"featured_media":15170,"comment_status":"open","ping_status":"closed","template":"","meta":[],"product_cat":[48,47,81],"product_tag":[],"class_list":{"0":"post-15169","1":"product","2":"type-product","3":"status-publish","4":"has-post-thumbnail","6":"product_cat-fondants","7":"product_cat-fondants-cremeux","8":"product_cat-notes-orientales","10":"first","11":"instock","12":"taxable","13":"shipping-taxable","14":"purchasable","15":"product-type-simple"},"jetpack_sharing_enabled":true,"_links":{"self":[{"href":"https:\/\/laytahara.fr\/index.php?rest_route=\/wp\/v2\/product\/15169","targetHints":{"allow":["GET"]}}],"collection":[{"href":"https:\/\/laytahara.fr\/index.php?rest_route=\/wp\/v2\/product"}],"about":[{"href":"https:\/\/laytahara.fr\/index.php?rest_route=\/wp\/v2\/types\/product"}],"replies":[{"embeddable":true,"href":"https:\/\/laytahara.fr\/index.php?rest_route=%2Fwp%2Fv2%2Fcomments&post=15169"}],"version-history":[{"count":7,"href":"https:\/\/laytahara.fr\/index.php?rest_route=\/wp\/v2\/product\/15169\/revisions"}],"predecessor-version":[{"id":15425,"href":"https:\/\/laytahara.fr\/index.php?rest_route=\/wp\/v2\/product\/15169\/revisions\/15425"}],"wp:featuredmedia":[{"embeddable":true,"href":"https:\/\/laytahara.fr\/index.php?rest_route=\/wp\/v2\/media\/15170"}],"wp:attachment":[{"href":"https:\/\/laytahara.fr\/index.php?rest_route=%2Fwp%2Fv2%2Fmedia&parent=15169"}],"wp:term":[{"taxonomy":"product_cat","embeddable":true,"href":"https:\/\/laytahara.fr\/index.php?rest_route=%2Fwp%2Fv2%2Fproduct_cat&post=15169"},{"taxonomy":"product_tag","embeddable":true,"href":"https:\/\/laytahara.fr\/index.php?rest_route=%2Fwp%2Fv2%2Fproduct_tag&post=15169"}],"curies":[{"name":"wp","href":"https:\/\/api.w.org\/{rel}","templated":true}]}}