{"id":9098,"date":"2023-12-08T10:42:24","date_gmt":"2023-12-08T10:42:24","guid":{"rendered":"https:\/\/laytahara.fr\/?post_type=product&#038;p=9098"},"modified":"2025-12-31T12:02:08","modified_gmt":"2025-12-31T12:02:08","slug":"fondant-creme-linge-propre-2-3-3-12","status":"publish","type":"product","link":"https:\/\/laytahara.fr\/?product=fondant-creme-linge-propre-2-3-3-12","title":{"rendered":"Fondant cr\u00e8me terre d\u2019H\u00a0"},"content":{"rendered":"<p><em>Pyramide olfactive :<br \/>\n<\/em><\/p>\n<p><em>Notes : Aromatique, fruit\u00e9e, verte<\/em><\/p>\n<p><em>T\u00eate : Pamplemousse, rhubarbe, litchi<\/em><\/p>\n<p><em>C\u0153ur : Menthe poivr\u00e9e, menthe cr\u00e9pue, cassis <\/em><\/p>\n<p><em>Fond : Accord ozonique, s\u00e8ve v\u00e9g\u00e9tale, rose<\/em><\/p>\n<p><strong><\/strong><\/p>\n<hr>\n<p><!--more--><\/p>\n<p>D\u00e9couvrez notre fondant \u00e0 la texture unique !<\/p>\n<p>Un fondant \u00e0 base de cire de colza qui ne durcit pas.<\/p>\n<p>Une formule unique qui permet de d\u00e9cupler les parfums.<\/p>\n<p>Une dur\u00e9e d&#8217;utilisation tripl\u00e9e gr\u00e2ce \u00e0 son format \u00e9conomique.<\/p>\n<p>Une petite dose suffit pour parfumer durablement 50m2.<\/p>\n<p>\u00c0 appliquer dans votre br\u00fbleur gr\u00e2ce \u00e0 la spatule fournie.<\/p>\n<p>Facile a nettoyer ! Il suffit d&#8217;utiliser une feuille de sopalin quand fondant a refroidi et tout se retirera facilement<\/p>\n","protected":false},"excerpt":{"rendered":"<p>Le dupe d&#8217;un c\u00e9l\u00e8bre parfum !<\/p>\n","protected":false},"featured_media":12981,"comment_status":"open","ping_status":"closed","template":"","meta":[],"product_cat":[47,81],"product_tag":[61],"class_list":{"0":"post-9098","1":"product","2":"type-product","3":"status-publish","4":"has-post-thumbnail","6":"product_cat-fondants-cremeux","7":"product_cat-notes-orientales","8":"product_tag-fondants","9":"description-off","11":"first","12":"instock","13":"sale","14":"taxable","15":"shipping-taxable","16":"purchasable","17":"product-type-simple"},"jetpack_sharing_enabled":true,"_links":{"self":[{"href":"https:\/\/laytahara.fr\/index.php?rest_route=\/wp\/v2\/product\/9098","targetHints":{"allow":["GET"]}}],"collection":[{"href":"https:\/\/laytahara.fr\/index.php?rest_route=\/wp\/v2\/product"}],"about":[{"href":"https:\/\/laytahara.fr\/index.php?rest_route=\/wp\/v2\/types\/product"}],"replies":[{"embeddable":true,"href":"https:\/\/laytahara.fr\/index.php?rest_route=%2Fwp%2Fv2%2Fcomments&post=9098"}],"version-history":[{"count":4,"href":"https:\/\/laytahara.fr\/index.php?rest_route=\/wp\/v2\/product\/9098\/revisions"}],"predecessor-version":[{"id":12552,"href":"https:\/\/laytahara.fr\/index.php?rest_route=\/wp\/v2\/product\/9098\/revisions\/12552"}],"wp:featuredmedia":[{"embeddable":true,"href":"https:\/\/laytahara.fr\/index.php?rest_route=\/wp\/v2\/media\/12981"}],"wp:attachment":[{"href":"https:\/\/laytahara.fr\/index.php?rest_route=%2Fwp%2Fv2%2Fmedia&parent=9098"}],"wp:term":[{"taxonomy":"product_cat","embeddable":true,"href":"https:\/\/laytahara.fr\/index.php?rest_route=%2Fwp%2Fv2%2Fproduct_cat&post=9098"},{"taxonomy":"product_tag","embeddable":true,"href":"https:\/\/laytahara.fr\/index.php?rest_route=%2Fwp%2Fv2%2Fproduct_tag&post=9098"}],"curies":[{"name":"wp","href":"https:\/\/api.w.org\/{rel}","templated":true}]}}