{"id":9126,"date":"2023-12-08T11:30:50","date_gmt":"2023-12-08T11:30:50","guid":{"rendered":"https:\/\/laytahara.fr\/?post_type=product&#038;p=9126"},"modified":"2026-04-06T15:37:06","modified_gmt":"2026-04-06T15:37:06","slug":"fondant-creme-linge-propre-2-3-3-7","status":"publish","type":"product","link":"https:\/\/laytahara.fr\/?product=fondant-creme-linge-propre-2-3-3-7","title":{"rendered":"\ud835\udc39\ud835\udc5c\ud835\udc5b\ud835\udc51\ud835\udc4e\ud835\udc5b\ud835\udc61 \ud835\udc56\ud835\udc5b\ud835\udc60\ud835\udc5d\ud835\udc56\ud835\udc5f\ud835\udc4e\ud835\udc61\ud835\udc56\ud835\udc5c\ud835\udc5b \u00ab \ud835\udc45\ud835\udc5c\ud835\udc66\ud835\udc4e\ud835\udc59 \ud835\udc54\ud835\udc5c\ud835\udc59\ud835\udc51\u00a0\u00bb"},"content":{"rendered":"<p><em>D\u00e9couvrez notre collection<\/em> &#8221; inspiration &#8221; des parfums inspir\u00e9s de grand cr\u00e9ateur !<\/p>\n<hr \/>\n<p><!--more--><\/p>\n<p>D\u00e9couvrez notre fondant \u00e0 la texture unique !<\/p>\n<p>Un fondant \u00e0 base de cire de colza qui ne durcit pas.<\/p>\n<p>Une formule unique qui permet de d\u00e9cupler les parfums.<\/p>\n<p>Une dur\u00e9e d&#8217;utilisation tripl\u00e9e gr\u00e2ce \u00e0 son format \u00e9conomique.<\/p>\n<p>Une petite dose suffit pour parfumer durablement 50m2.<\/p>\n<p>\u00c0 appliquer dans votre <strong><a href=\"https:\/\/laytahara.fr\/product-category\/brule-parfums\">br\u00fbleur<\/a><\/strong> gr\u00e2ce \u00e0 la spatule fournie.<\/p>\n<p>Facile a nettoyer ! Il suffit d&#8217;utiliser une feuille de sopalin quand fondant a refroidi et tout se retirera facilement<\/p>\n","protected":false},"excerpt":{"rendered":"<p><em>Le dupe parfait du royal gold de chez el nabil !<\/em><\/p>\n","protected":false},"featured_media":10061,"comment_status":"open","ping_status":"closed","template":"","meta":[],"product_cat":[68,80,81],"product_tag":[69,61],"class_list":{"0":"post-9126","1":"product","2":"type-product","3":"status-publish","4":"has-post-thumbnail","6":"product_cat-inspiration","7":"product_cat-notes-gourmandes","8":"product_cat-notes-orientales","9":"product_tag-dupes","10":"product_tag-fondants","11":"description-off","13":"first","14":"instock","15":"sale","16":"taxable","17":"shipping-taxable","18":"purchasable","19":"product-type-simple"},"jetpack_sharing_enabled":true,"_links":{"self":[{"href":"https:\/\/laytahara.fr\/index.php?rest_route=\/wp\/v2\/product\/9126","targetHints":{"allow":["GET"]}}],"collection":[{"href":"https:\/\/laytahara.fr\/index.php?rest_route=\/wp\/v2\/product"}],"about":[{"href":"https:\/\/laytahara.fr\/index.php?rest_route=\/wp\/v2\/types\/product"}],"replies":[{"embeddable":true,"href":"https:\/\/laytahara.fr\/index.php?rest_route=%2Fwp%2Fv2%2Fcomments&post=9126"}],"version-history":[{"count":7,"href":"https:\/\/laytahara.fr\/index.php?rest_route=\/wp\/v2\/product\/9126\/revisions"}],"predecessor-version":[{"id":10071,"href":"https:\/\/laytahara.fr\/index.php?rest_route=\/wp\/v2\/product\/9126\/revisions\/10071"}],"wp:featuredmedia":[{"embeddable":true,"href":"https:\/\/laytahara.fr\/index.php?rest_route=\/wp\/v2\/media\/10061"}],"wp:attachment":[{"href":"https:\/\/laytahara.fr\/index.php?rest_route=%2Fwp%2Fv2%2Fmedia&parent=9126"}],"wp:term":[{"taxonomy":"product_cat","embeddable":true,"href":"https:\/\/laytahara.fr\/index.php?rest_route=%2Fwp%2Fv2%2Fproduct_cat&post=9126"},{"taxonomy":"product_tag","embeddable":true,"href":"https:\/\/laytahara.fr\/index.php?rest_route=%2Fwp%2Fv2%2Fproduct_tag&post=9126"}],"curies":[{"name":"wp","href":"https:\/\/api.w.org\/{rel}","templated":true}]}}