{"id":9133,"date":"2023-12-08T11:59:18","date_gmt":"2023-12-08T11:59:18","guid":{"rendered":"https:\/\/laytahara.fr\/?post_type=product&#038;p=9133"},"modified":"2025-05-19T12:36:05","modified_gmt":"2025-05-19T12:36:05","slug":"suspension-parfumee","status":"publish","type":"product","link":"https:\/\/laytahara.fr\/?product=suspension-parfumee","title":{"rendered":"Suspension parfum\u00e9e"},"content":{"rendered":"<p>Id\u00e9al pour parfumer un petit espace durablement. Vous pourrez l&#8217;accrocher o\u00f9 vous le souhaitez gr\u00e2ce \u00e0 la petite cordelette fournie.<\/p>\n<p>Vous pouvez aussi l&#8217;accrocher au r\u00e9troviseur de votre voiture.<\/p>\n<p>ATTENTION : La cire commence \u00e0 fondre aux alentours de 40 degr\u00e9s. Ne pas laisser la suspension au soleil en cas de fortes chaleur.<\/p>\n<p>La forme et le mod\u00e8le des suspensions parfum\u00e9es sont al\u00e9atoires (Fleurs en cires, fleurs s\u00e9ch\u00e9es de diff\u00e9rentes couleurs ou feuilles d&#8217;or).<\/p>\n","protected":false},"excerpt":{"rendered":"<p>D\u00e9corez et parfumer votre int\u00e9rieur avec nos suspensions parfum\u00e9es.<\/p>\n","protected":false},"featured_media":10129,"comment_status":"open","ping_status":"closed","template":"","meta":[],"product_cat":[60,82,58],"product_tag":[],"class_list":{"0":"post-9133","1":"product","2":"type-product","3":"status-publish","4":"has-post-thumbnail","6":"product_cat-nos-incontournables","7":"product_cat-notesfraiches","8":"product_cat-suspension-parfumee","9":"description-off","11":"first","12":"outofstock","13":"taxable","14":"shipping-taxable","15":"purchasable","16":"product-type-variable"},"jetpack_sharing_enabled":true,"_links":{"self":[{"href":"https:\/\/laytahara.fr\/index.php?rest_route=\/wp\/v2\/product\/9133","targetHints":{"allow":["GET"]}}],"collection":[{"href":"https:\/\/laytahara.fr\/index.php?rest_route=\/wp\/v2\/product"}],"about":[{"href":"https:\/\/laytahara.fr\/index.php?rest_route=\/wp\/v2\/types\/product"}],"replies":[{"embeddable":true,"href":"https:\/\/laytahara.fr\/index.php?rest_route=%2Fwp%2Fv2%2Fcomments&post=9133"}],"version-history":[{"count":3,"href":"https:\/\/laytahara.fr\/index.php?rest_route=\/wp\/v2\/product\/9133\/revisions"}],"predecessor-version":[{"id":9142,"href":"https:\/\/laytahara.fr\/index.php?rest_route=\/wp\/v2\/product\/9133\/revisions\/9142"}],"wp:featuredmedia":[{"embeddable":true,"href":"https:\/\/laytahara.fr\/index.php?rest_route=\/wp\/v2\/media\/10129"}],"wp:attachment":[{"href":"https:\/\/laytahara.fr\/index.php?rest_route=%2Fwp%2Fv2%2Fmedia&parent=9133"}],"wp:term":[{"taxonomy":"product_cat","embeddable":true,"href":"https:\/\/laytahara.fr\/index.php?rest_route=%2Fwp%2Fv2%2Fproduct_cat&post=9133"},{"taxonomy":"product_tag","embeddable":true,"href":"https:\/\/laytahara.fr\/index.php?rest_route=%2Fwp%2Fv2%2Fproduct_tag&post=9133"}],"curies":[{"name":"wp","href":"https:\/\/api.w.org\/{rel}","templated":true}]}}